{"id":1653,"date":"2022-05-09T16:51:12","date_gmt":"2022-05-09T16:51:12","guid":{"rendered":"https:\/\/sss.com.pt\/loja\/uncategorized\/microfiber-napa-lining\/"},"modified":"2022-05-23T11:24:06","modified_gmt":"2022-05-23T11:24:06","slug":"microfiber-napa-lining","status":"publish","type":"product","link":"https:\/\/sss.com.pt\/en\/shop\/vegan-en\/microfiber-napa-lining\/","title":{"rendered":"MICROFIBER NAPA LINING"},"content":{"rendered":"<p><iframe src=\"https:\/\/player.vimeo.com\/video\/692195096?h=3817c8488b\" width=\"640\" height=\"360\" frameborder=\"0\" allowfullscreen=\"allowfullscreen\"><\/iframe><\/p>\n","protected":false},"excerpt":{"rendered":"<p><strong>Composition:<\/strong> 100% Microfiber<br \/>\n<strong>Thickness:<\/strong> 0.8 &#8211; 0.9 mm<br \/>\nWidth: 140 cm<\/p>\n<p><span style=\"font-size: 10pt;\">Vegan Article, without use sem utiliza\u00e7\u00e3o de componentes animais na sua produ\u00e7\u00e3o\/composi\u00e7\u00e3o.<\/span><br \/>\n<strong><span style=\"font-size: 10pt;\">We would like to warn you that the colours in digital format may present some differences from the real colour.<\/span><\/strong><\/p>\n","protected":false},"featured_media":1648,"template":"","meta":[],"product_brand":[],"product_cat":[141],"product_tag":[],"class_list":{"0":"post-1653","1":"product","2":"type-product","3":"status-publish","4":"has-post-thumbnail","6":"product_cat-vegan-en","7":"pa_cor-001-en","8":"pa_cor-002-en","9":"pa_cor-004-en","10":"pa_cor-009-en","11":"pa_cor-010-en","12":"pa_cor-012-en","13":"pa_cor-016-en","14":"pa_cor-017-en","15":"pa_cor-018-en","16":"pa_cor-019-en","17":"pa_cor-020-en","18":"pa_cor-021-en","19":"pa_cor-023-en","20":"pa_cor-025-en","21":"pa_cor-031-en","22":"pa_cor-032-en","23":"pa_cor-033-en","24":"pa_cor-036-en","25":"pa_cor-038-en","26":"pa_cor-039-en","27":"pa_cor-041-en","28":"pa_cor-054-en","29":"pa_cor-055-en","30":"pa_cor-056-en","31":"pa_cor-059-en","32":"pa_cor-060-en","33":"pa_cor-067-en","34":"pa_cor-069-en","35":"pa_cor-070-en","36":"pa_cor-072-en","37":"pa_cor-073-en","38":"pa_cor-083-en","39":"pa_cor-086-en","40":"pa_cor-089-en","41":"pa_cor-110-en","42":"pa_cor-111-en","43":"pa_cor-114-en","44":"pa_cor-catalogo-de-cor-en","45":"pa_cor-m02-en","46":"pa_cor-m04-en","47":"pa_cor-m11-en","48":"pa_cor-m20-en","49":"pa_cor-m22-en","50":"pa_cor-m30-en","51":"pa_tipos-de-pele-lining","52":"pa_tonalidade-beige","53":"pa_tonalidade-black","54":"pa_tonalidade-blue","55":"pa_tonalidade-brown","56":"pa_tonalidade-green","57":"pa_tonalidade-grey","58":"pa_tonalidade-orange","59":"pa_tonalidade-pink","60":"pa_tonalidade-red","61":"pa_tonalidade-white","62":"pa_tonalidade-yellow","64":"first","65":"instock","66":"shipping-taxable","67":"purchasable","68":"product-type-variable"},"yoast_head":"<!-- This site is optimized with the Yoast SEO plugin v27.0 - https:\/\/yoast.com\/product\/yoast-seo-wordpress\/ -->\n<title>MICROFIBER NAPA LINING - SSS<\/title>\n<meta name=\"robots\" content=\"index, follow, max-snippet:-1, max-image-preview:large, max-video-preview:-1\" \/>\n<link rel=\"canonical\" href=\"https:\/\/sss.com.pt\/en\/shop\/vegan-en\/microfiber-napa-lining\/\" \/>\n<meta property=\"og:locale\" content=\"en_US\" \/>\n<meta property=\"og:type\" content=\"article\" \/>\n<meta property=\"og:title\" content=\"MICROFIBER NAPA LINING - SSS\" \/>\n<meta property=\"og:description\" content=\"Composition: 100% Microfiber Thickness: 0.8 - 0.9 mm Width: 140 cm  Vegan Article, without use sem utiliza\u00e7\u00e3o de componentes animais na sua produ\u00e7\u00e3o\/composi\u00e7\u00e3o. We would like to warn you that the colours in digital format may present some differences from the real colour.\" \/>\n<meta property=\"og:url\" content=\"https:\/\/sss.com.pt\/en\/shop\/vegan-en\/microfiber-napa-lining\/\" \/>\n<meta property=\"og:site_name\" content=\"SSS\" \/>\n<meta property=\"article:publisher\" content=\"https:\/\/www.facebook.com\/sss.com.pt\" \/>\n<meta property=\"article:modified_time\" content=\"2022-05-23T11:24:06+00:00\" \/>\n<meta property=\"og:image\" content=\"https:\/\/sss.com.pt\/wp-content\/uploads\/2022\/05\/microfiber-napa-02.jpg\" \/>\n\t<meta property=\"og:image:width\" content=\"1620\" \/>\n\t<meta property=\"og:image:height\" content=\"1080\" \/>\n\t<meta property=\"og:image:type\" content=\"image\/jpeg\" \/>\n<meta name=\"twitter:card\" content=\"summary_large_image\" \/>\n<script type=\"application\/ld+json\" class=\"yoast-schema-graph\">{\"@context\":\"https:\/\/schema.org\",\"@graph\":[{\"@type\":\"WebPage\",\"@id\":\"https:\/\/sss.com.pt\/en\/shop\/vegan-en\/microfiber-napa-lining\/\",\"url\":\"https:\/\/sss.com.pt\/en\/shop\/vegan-en\/microfiber-napa-lining\/\",\"name\":\"MICROFIBER NAPA LINING - SSS\",\"isPartOf\":{\"@id\":\"https:\/\/sss.com.pt\/en\/#website\"},\"primaryImageOfPage\":{\"@id\":\"https:\/\/sss.com.pt\/en\/shop\/vegan-en\/microfiber-napa-lining\/#primaryimage\"},\"image\":{\"@id\":\"https:\/\/sss.com.pt\/en\/shop\/vegan-en\/microfiber-napa-lining\/#primaryimage\"},\"thumbnailUrl\":\"https:\/\/sss.com.pt\/wp-content\/uploads\/2022\/05\/microfiber-napa-02.jpg\",\"datePublished\":\"2022-05-09T16:51:12+00:00\",\"dateModified\":\"2022-05-23T11:24:06+00:00\",\"breadcrumb\":{\"@id\":\"https:\/\/sss.com.pt\/en\/shop\/vegan-en\/microfiber-napa-lining\/#breadcrumb\"},\"inLanguage\":\"en-US\",\"potentialAction\":[{\"@type\":\"ReadAction\",\"target\":[\"https:\/\/sss.com.pt\/en\/shop\/vegan-en\/microfiber-napa-lining\/\"]}]},{\"@type\":\"ImageObject\",\"inLanguage\":\"en-US\",\"@id\":\"https:\/\/sss.com.pt\/en\/shop\/vegan-en\/microfiber-napa-lining\/#primaryimage\",\"url\":\"https:\/\/sss.com.pt\/wp-content\/uploads\/2022\/05\/microfiber-napa-02.jpg\",\"contentUrl\":\"https:\/\/sss.com.pt\/wp-content\/uploads\/2022\/05\/microfiber-napa-02.jpg\",\"width\":1620,\"height\":1080,\"caption\":\"Fotografia por Minimal Photo\"},{\"@type\":\"BreadcrumbList\",\"@id\":\"https:\/\/sss.com.pt\/en\/shop\/vegan-en\/microfiber-napa-lining\/#breadcrumb\",\"itemListElement\":[{\"@type\":\"ListItem\",\"position\":1,\"name\":\"Loja\",\"item\":\"https:\/\/sss.com.pt\/en\/shop\/\"},{\"@type\":\"ListItem\",\"position\":2,\"name\":\"MICROFIBER NAPA LINING\"}]},{\"@type\":\"WebSite\",\"@id\":\"https:\/\/sss.com.pt\/en\/#website\",\"url\":\"https:\/\/sss.com.pt\/en\/\",\"name\":\"SSS\",\"description\":\"Peles para a ind\u00fastria do cal\u00e7ado e marroquinaria\",\"publisher\":{\"@id\":\"https:\/\/sss.com.pt\/en\/#organization\"},\"potentialAction\":[{\"@type\":\"SearchAction\",\"target\":{\"@type\":\"EntryPoint\",\"urlTemplate\":\"https:\/\/sss.com.pt\/en\/?s={search_term_string}\"},\"query-input\":{\"@type\":\"PropertyValueSpecification\",\"valueRequired\":true,\"valueName\":\"search_term_string\"}}],\"inLanguage\":\"en-US\"},{\"@type\":\"Organization\",\"@id\":\"https:\/\/sss.com.pt\/en\/#organization\",\"name\":\"SSS\",\"url\":\"https:\/\/sss.com.pt\/en\/\",\"logo\":{\"@type\":\"ImageObject\",\"inLanguage\":\"en-US\",\"@id\":\"https:\/\/sss.com.pt\/en\/#\/schema\/logo\/image\/\",\"url\":\"https:\/\/sss.com.pt\/wp-content\/uploads\/2021\/06\/Logo-SSS-Nov-2017-retina.png\",\"contentUrl\":\"https:\/\/sss.com.pt\/wp-content\/uploads\/2021\/06\/Logo-SSS-Nov-2017-retina.png\",\"width\":371,\"height\":120,\"caption\":\"SSS\"},\"image\":{\"@id\":\"https:\/\/sss.com.pt\/en\/#\/schema\/logo\/image\/\"},\"sameAs\":[\"https:\/\/www.facebook.com\/sss.com.pt\",\"https:\/\/www.instagram.com\/sss.com.pt\/\"]}]}<\/script>\n<!-- \/ Yoast SEO plugin. -->","yoast_head_json":{"title":"MICROFIBER NAPA LINING - SSS","robots":{"index":"index","follow":"follow","max-snippet":"max-snippet:-1","max-image-preview":"max-image-preview:large","max-video-preview":"max-video-preview:-1"},"canonical":"https:\/\/sss.com.pt\/en\/shop\/vegan-en\/microfiber-napa-lining\/","og_locale":"en_US","og_type":"article","og_title":"MICROFIBER NAPA LINING - SSS","og_description":"Composition: 100% Microfiber Thickness: 0.8 - 0.9 mm Width: 140 cm  Vegan Article, without use sem utiliza\u00e7\u00e3o de componentes animais na sua produ\u00e7\u00e3o\/composi\u00e7\u00e3o. We would like to warn you that the colours in digital format may present some differences from the real colour.","og_url":"https:\/\/sss.com.pt\/en\/shop\/vegan-en\/microfiber-napa-lining\/","og_site_name":"SSS","article_publisher":"https:\/\/www.facebook.com\/sss.com.pt","article_modified_time":"2022-05-23T11:24:06+00:00","og_image":[{"width":1620,"height":1080,"url":"https:\/\/sss.com.pt\/wp-content\/uploads\/2022\/05\/microfiber-napa-02.jpg","type":"image\/jpeg"}],"twitter_card":"summary_large_image","schema":{"@context":"https:\/\/schema.org","@graph":[{"@type":"WebPage","@id":"https:\/\/sss.com.pt\/en\/shop\/vegan-en\/microfiber-napa-lining\/","url":"https:\/\/sss.com.pt\/en\/shop\/vegan-en\/microfiber-napa-lining\/","name":"MICROFIBER NAPA LINING - SSS","isPartOf":{"@id":"https:\/\/sss.com.pt\/en\/#website"},"primaryImageOfPage":{"@id":"https:\/\/sss.com.pt\/en\/shop\/vegan-en\/microfiber-napa-lining\/#primaryimage"},"image":{"@id":"https:\/\/sss.com.pt\/en\/shop\/vegan-en\/microfiber-napa-lining\/#primaryimage"},"thumbnailUrl":"https:\/\/sss.com.pt\/wp-content\/uploads\/2022\/05\/microfiber-napa-02.jpg","datePublished":"2022-05-09T16:51:12+00:00","dateModified":"2022-05-23T11:24:06+00:00","breadcrumb":{"@id":"https:\/\/sss.com.pt\/en\/shop\/vegan-en\/microfiber-napa-lining\/#breadcrumb"},"inLanguage":"en-US","potentialAction":[{"@type":"ReadAction","target":["https:\/\/sss.com.pt\/en\/shop\/vegan-en\/microfiber-napa-lining\/"]}]},{"@type":"ImageObject","inLanguage":"en-US","@id":"https:\/\/sss.com.pt\/en\/shop\/vegan-en\/microfiber-napa-lining\/#primaryimage","url":"https:\/\/sss.com.pt\/wp-content\/uploads\/2022\/05\/microfiber-napa-02.jpg","contentUrl":"https:\/\/sss.com.pt\/wp-content\/uploads\/2022\/05\/microfiber-napa-02.jpg","width":1620,"height":1080,"caption":"Fotografia por Minimal Photo"},{"@type":"BreadcrumbList","@id":"https:\/\/sss.com.pt\/en\/shop\/vegan-en\/microfiber-napa-lining\/#breadcrumb","itemListElement":[{"@type":"ListItem","position":1,"name":"Loja","item":"https:\/\/sss.com.pt\/en\/shop\/"},{"@type":"ListItem","position":2,"name":"MICROFIBER NAPA LINING"}]},{"@type":"WebSite","@id":"https:\/\/sss.com.pt\/en\/#website","url":"https:\/\/sss.com.pt\/en\/","name":"SSS","description":"Peles para a ind\u00fastria do cal\u00e7ado e marroquinaria","publisher":{"@id":"https:\/\/sss.com.pt\/en\/#organization"},"potentialAction":[{"@type":"SearchAction","target":{"@type":"EntryPoint","urlTemplate":"https:\/\/sss.com.pt\/en\/?s={search_term_string}"},"query-input":{"@type":"PropertyValueSpecification","valueRequired":true,"valueName":"search_term_string"}}],"inLanguage":"en-US"},{"@type":"Organization","@id":"https:\/\/sss.com.pt\/en\/#organization","name":"SSS","url":"https:\/\/sss.com.pt\/en\/","logo":{"@type":"ImageObject","inLanguage":"en-US","@id":"https:\/\/sss.com.pt\/en\/#\/schema\/logo\/image\/","url":"https:\/\/sss.com.pt\/wp-content\/uploads\/2021\/06\/Logo-SSS-Nov-2017-retina.png","contentUrl":"https:\/\/sss.com.pt\/wp-content\/uploads\/2021\/06\/Logo-SSS-Nov-2017-retina.png","width":371,"height":120,"caption":"SSS"},"image":{"@id":"https:\/\/sss.com.pt\/en\/#\/schema\/logo\/image\/"},"sameAs":["https:\/\/www.facebook.com\/sss.com.pt","https:\/\/www.instagram.com\/sss.com.pt\/"]}]}},"_links":{"self":[{"href":"https:\/\/sss.com.pt\/en\/wp-json\/wp\/v2\/product\/1653","targetHints":{"allow":["GET"]}}],"collection":[{"href":"https:\/\/sss.com.pt\/en\/wp-json\/wp\/v2\/product"}],"about":[{"href":"https:\/\/sss.com.pt\/en\/wp-json\/wp\/v2\/types\/product"}],"wp:featuredmedia":[{"embeddable":true,"href":"https:\/\/sss.com.pt\/en\/wp-json\/wp\/v2\/media\/1648"}],"wp:attachment":[{"href":"https:\/\/sss.com.pt\/en\/wp-json\/wp\/v2\/media?parent=1653"}],"wp:term":[{"taxonomy":"product_brand","embeddable":true,"href":"https:\/\/sss.com.pt\/en\/wp-json\/wp\/v2\/product_brand?post=1653"},{"taxonomy":"product_cat","embeddable":true,"href":"https:\/\/sss.com.pt\/en\/wp-json\/wp\/v2\/product_cat?post=1653"},{"taxonomy":"product_tag","embeddable":true,"href":"https:\/\/sss.com.pt\/en\/wp-json\/wp\/v2\/product_tag?post=1653"}],"curies":[{"name":"wp","href":"https:\/\/api.w.org\/{rel}","templated":true}]}}